{"id":1847,"date":"2017-06-09T10:02:47","date_gmt":"2017-06-09T10:02:47","guid":{"rendered":"https:\/\/gc21.giz.de\/ibt\/var\/app\/wp472v\/3000\/?page_id=1847"},"modified":"2022-03-08T13:19:15","modified_gmt":"2022-03-08T13:19:15","slug":"accueil","status":"publish","type":"page","link":"https:\/\/procurement-and-contracting.binastar.de\/local-subsidies\/FR\/","title":{"rendered":"Accueil"},"content":{"rendered":"<div class=\"members-access-error\">D\u00e9sol\u00e9, vous n&#039;\u00eates pas autoris\u00e9 \u00e0 voir ce contenu.<\/div>\n","protected":false},"excerpt":{"rendered":"<div class=\"members-access-error\">D\u00e9sol\u00e9, vous n&#039;\u00eates pas autoris\u00e9 \u00e0 voir ce contenu.<\/div>\n","protected":false},"author":1000,"featured_media":0,"parent":0,"menu_order":0,"comment_status":"closed","ping_status":"closed","template":"","meta":{"_bbp_topic_count":0,"_bbp_reply_count":0,"_bbp_total_topic_count":0,"_bbp_total_reply_count":0,"_bbp_voice_count":0,"_bbp_anonymous_reply_count":0,"_bbp_topic_count_hidden":0,"_bbp_reply_count_hidden":0,"_bbp_forum_subforum_count":0},"_links":{"self":[{"href":"https:\/\/procurement-and-contracting.binastar.de\/local-subsidies\/FR\/wp-json\/wp\/v2\/pages\/1847"}],"collection":[{"href":"https:\/\/procurement-and-contracting.binastar.de\/local-subsidies\/FR\/wp-json\/wp\/v2\/pages"}],"about":[{"href":"https:\/\/procurement-and-contracting.binastar.de\/local-subsidies\/FR\/wp-json\/wp\/v2\/types\/page"}],"author":[{"embeddable":true,"href":"https:\/\/procurement-and-contracting.binastar.de\/local-subsidies\/FR\/wp-json\/wp\/v2\/users\/1000"}],"replies":[{"embeddable":true,"href":"https:\/\/procurement-and-contracting.binastar.de\/local-subsidies\/FR\/wp-json\/wp\/v2\/comments?post=1847"}],"version-history":[{"count":10,"href":"https:\/\/procurement-and-contracting.binastar.de\/local-subsidies\/FR\/wp-json\/wp\/v2\/pages\/1847\/revisions"}],"predecessor-version":[{"id":6901,"href":"https:\/\/procurement-and-contracting.binastar.de\/local-subsidies\/FR\/wp-json\/wp\/v2\/pages\/1847\/revisions\/6901"}],"wp:attachment":[{"href":"https:\/\/procurement-and-contracting.binastar.de\/local-subsidies\/FR\/wp-json\/wp\/v2\/media?parent=1847"}],"curies":[{"name":"wp","href":"https:\/\/api.w.org\/{rel}","templated":true}]}}